{"id":59,"date":"2017-03-23T10:28:20","date_gmt":"2017-03-23T09:28:20","guid":{"rendered":"http:\/\/wp.lm-systemhaus.de\/?page_id=59"},"modified":"2021-02-03T14:36:16","modified_gmt":"2021-02-03T13:36:16","slug":"unsere-kompetenzen","status":"publish","type":"page","link":"https:\/\/lm-systemhaus.de\/?page_id=59","title":{"rendered":"Unsere Kompetenzen"},"content":{"rendered":"<div class=\"section-content\">\n<div class=\"container-content container-kompetenzen w-container\">\n<h3 class=\"heading4\" data-ix=\"scrollinout\">Unternehmens-Kompetenz<\/h3>\n<div class=\"text-block\" data-ix=\"scrollinout\">Als IT-Dienstleister haben wir eine vertauensvolle Beziehung zu unseren Kunden, f\u00fcr die wir immer topaktuelle L\u00f6sungen bieten. Diese sch\u00e4tzen besonders unsere Leistungsf\u00e4higkeit und Zuverl\u00e4ssigkeit.<\/div>\n<h3 class=\"heading4\" data-ix=\"scrollinout\">Mitarbeiter-Kompetenz<\/h3>\n<div class=\"text-block\" data-ix=\"scrollinout\">Unsere Mitarbeiter verf\u00fcgen \u00fcber Administratorenkompetenz und k\u00f6nnen l\u00f6sungsorientiert und verantwortungsvoll Probleme vor Ort beheben. Sie nehmen an Schulungen und Weiterbildungen teil und sind stets auf der H\u00f6he der technischen Entwicklung.<\/div>\n<h3 class=\"heading4\" data-ix=\"scrollinout\">Branchen-Kompetenz<\/h3>\n<div class=\"text-block\" data-ix=\"scrollinout\">Seit der Unternehmensgr\u00fcndung betreuen wir \u00c4rzte, Steuerkanzleien, Rechtsanw\u00e4lte, Hausverwaltungen sowie kleine und mittelst\u00e4ndische Unternehmen.<\/div>\n<div class=\"text-block\" data-ix=\"scrollinout\">Wir haben Kenntniss von deren Arbeitsabl\u00e4ufen und Netzwerkfunktionalit\u00e4t und deren Anforderungen an Hard- und Software.<\/div>\n<h3 class=\"heading4\" data-ix=\"scrollinout\">Partner-Kompetenz<\/h3>\n<div class=\"text-block\" data-ix=\"scrollinout\">Wir sind Partner von Microsoft, CODE.3 Workflow-ERP, Lexware, SecurePoint, Sophos, Eset, GData, Tandberg Data, Netgear, Cisco, Lancom, Brother, Dell, Fujitsu, Super Micro, HP. Daher verf\u00fcgen wir stets Kenntnis \u00fcber Produktneu- und Produktbesonderheiten.<\/div>\n<\/div>\n<\/div>\n","protected":false},"excerpt":{"rendered":"<p>Unternehmens-Kompetenz Als IT-Dienstleister haben wir eine vertauensvolle Beziehung zu unseren Kunden, f\u00fcr die wir immer topaktuelle L\u00f6sungen bieten. Diese sch\u00e4tzen besonders unsere Leistungsf\u00e4higkeit und Zuverl\u00e4ssigkeit. Mitarbeiter-Kompetenz Unsere Mitarbeiter verf\u00fcgen \u00fcber Administratorenkompetenz und k\u00f6nnen l\u00f6sungsorientiert und verantwortungsvoll Probleme vor Ort beheben. Sie nehmen an Schulungen und Weiterbildungen teil und sind stets auf der H\u00f6he der technischen &hellip; <\/p>\n<p class=\"link-more\"><a href=\"https:\/\/lm-systemhaus.de\/?page_id=59\" class=\"more-link\"><span class=\"screen-reader-text\">\u201eUnsere Kompetenzen\u201c<\/span> weiterlesen<\/a><\/p>\n","protected":false},"author":1,"featured_media":67,"parent":0,"menu_order":0,"comment_status":"closed","ping_status":"closed","template":"","meta":{"footnotes":""},"_links":{"self":[{"href":"https:\/\/lm-systemhaus.de\/index.php?rest_route=\/wp\/v2\/pages\/59"}],"collection":[{"href":"https:\/\/lm-systemhaus.de\/index.php?rest_route=\/wp\/v2\/pages"}],"about":[{"href":"https:\/\/lm-systemhaus.de\/index.php?rest_route=\/wp\/v2\/types\/page"}],"author":[{"embeddable":true,"href":"https:\/\/lm-systemhaus.de\/index.php?rest_route=\/wp\/v2\/users\/1"}],"replies":[{"embeddable":true,"href":"https:\/\/lm-systemhaus.de\/index.php?rest_route=%2Fwp%2Fv2%2Fcomments&post=59"}],"version-history":[{"count":7,"href":"https:\/\/lm-systemhaus.de\/index.php?rest_route=\/wp\/v2\/pages\/59\/revisions"}],"predecessor-version":[{"id":196,"href":"https:\/\/lm-systemhaus.de\/index.php?rest_route=\/wp\/v2\/pages\/59\/revisions\/196"}],"wp:featuredmedia":[{"embeddable":true,"href":"https:\/\/lm-systemhaus.de\/index.php?rest_route=\/wp\/v2\/media\/67"}],"wp:attachment":[{"href":"https:\/\/lm-systemhaus.de\/index.php?rest_route=%2Fwp%2Fv2%2Fmedia&parent=59"}],"curies":[{"name":"wp","href":"https:\/\/api.w.org\/{rel}","templated":true}]}}